{"id":201,"date":"2025-04-28T11:41:55","date_gmt":"2025-04-28T14:41:55","guid":{"rendered":"https:\/\/siligelrio.com.br\/?post_type=product&#038;p=201"},"modified":"2025-10-26T11:18:12","modified_gmt":"2025-10-26T14:18:12","slug":"manta-de-fibra-de-vidro-1kg","status":"publish","type":"product","link":"https:\/\/siligelrio.com.br\/?product=manta-de-fibra-de-vidro-1kg","title":{"rendered":"Manta de Fibra de Vidro 1kg"},"content":{"rendered":"<h2><strong>Para maiores quantidades, fale conosco no Whatsapp<\/strong><\/h2>\n<p>&nbsp;<\/p>\n<h4>Mantas de fibras de vidro com gramatura 450g\/m2. Tem como objetivo dar resist\u00eancia mec\u00e2nica aos laminados com resinas poli\u00e9ster e ep\u00f3xi em geral.<\/h4>\n<h4>S\u00e3o mantas fabricadas com fios de vidro tipo E, unidos por um ligante sol\u00favel em estireno, que lhe confere uma excelente compatibilidade com resinas poli\u00e9ster, ep\u00f3xi e estervin\u00edlicas.<\/h4>\n<p>&nbsp;<\/p>\n<h2><strong>Aplica\u00e7\u00e3o do Produto:<\/strong><\/h2>\n<h4>Mantas s\u00e3o utilizadas na moldagem pelo processo manual de pe\u00e7as em composites de uso geral, e \u00e9 recomendado para moldagem por prensagem a quente e v\u00e1cuo.<\/h4>\n<p>&nbsp;<\/p>\n<h2><strong>Exemplos de aplica\u00e7\u00e3o:<\/strong><\/h2>\n<h4>&#8211; Lamina\u00e7\u00f5es com Fibra de Vidro e Resinas;<br \/>\n&#8211; Confec\u00e7\u00e3o de produtos feitos em Fibra de Vidro como Caixas Seladas, Caixas D&#8217;\u00c1gua etc.;<br \/>\n&#8211; Reparos em Caixas D&#8217;\u00c1gua, Para-choques etc.;<br \/>\n&#8211; Revestimentos em geral (Madeira por exemplo);<br \/>\n&#8211; Outros.<\/h4>\n<p>&nbsp;<\/p>\n<h2><strong>Propriedades:<\/strong><\/h2>\n<h4>&#8211; Alta velocidade de impregna\u00e7\u00e3o<br \/>\n&#8211; Boa manuseabilidade<br \/>\n&#8211; F\u00e1cil compacta\u00e7\u00e3o e elimina\u00e7\u00e3o de bolhas<br \/>\n&#8211; Excelentes propriedades mec\u00e2nicas<br \/>\n&#8211; Ideal para aplica\u00e7\u00f5es em combate a corros\u00e3o<\/h4>\n","protected":false},"excerpt":{"rendered":"<p>MANTA DE FIBRA DE VIDRO 450 PARA USO GERAL<\/p>\n","protected":false},"featured_media":101,"comment_status":"open","ping_status":"closed","template":"","meta":{"jetpack_publicize_message":"","jetpack_publicize_feature_enabled":true,"jetpack_social_post_already_shared":false,"jetpack_social_options":{"image_generator_settings":{"template":"highway","default_image_id":0,"font":"","enabled":false},"version":2}},"product_brand":[],"product_cat":[24],"product_tag":[],"class_list":{"0":"post-201","1":"product","2":"type-product","3":"status-publish","4":"has-post-thumbnail","6":"product_cat-manta-e-tecidos","7":"product_shipping_class-padrao","9":"first","10":"instock","11":"taxable","12":"shipping-taxable","13":"purchasable","14":"product-type-simple"},"jetpack_publicize_connections":[],"jetpack_sharing_enabled":true,"_links":{"self":[{"href":"https:\/\/siligelrio.com.br\/index.php?rest_route=\/wp\/v2\/product\/201","targetHints":{"allow":["GET"]}}],"collection":[{"href":"https:\/\/siligelrio.com.br\/index.php?rest_route=\/wp\/v2\/product"}],"about":[{"href":"https:\/\/siligelrio.com.br\/index.php?rest_route=\/wp\/v2\/types\/product"}],"replies":[{"embeddable":true,"href":"https:\/\/siligelrio.com.br\/index.php?rest_route=%2Fwp%2Fv2%2Fcomments&post=201"}],"wp:featuredmedia":[{"embeddable":true,"href":"https:\/\/siligelrio.com.br\/index.php?rest_route=\/wp\/v2\/media\/101"}],"wp:attachment":[{"href":"https:\/\/siligelrio.com.br\/index.php?rest_route=%2Fwp%2Fv2%2Fmedia&parent=201"}],"wp:term":[{"taxonomy":"product_brand","embeddable":true,"href":"https:\/\/siligelrio.com.br\/index.php?rest_route=%2Fwp%2Fv2%2Fproduct_brand&post=201"},{"taxonomy":"product_cat","embeddable":true,"href":"https:\/\/siligelrio.com.br\/index.php?rest_route=%2Fwp%2Fv2%2Fproduct_cat&post=201"},{"taxonomy":"product_tag","embeddable":true,"href":"https:\/\/siligelrio.com.br\/index.php?rest_route=%2Fwp%2Fv2%2Fproduct_tag&post=201"}],"curies":[{"name":"wp","href":"https:\/\/api.w.org\/{rel}","templated":true}]}}