{"id":237,"date":"2025-05-16T21:56:56","date_gmt":"2025-05-17T00:56:56","guid":{"rendered":"https:\/\/siligelrio.com.br\/?post_type=product&#038;p=237"},"modified":"2025-05-16T22:04:29","modified_gmt":"2025-05-17T01:04:29","slug":"pigmento-vermelho-20g-2","status":"publish","type":"product","link":"https:\/\/siligelrio.com.br\/?product=pigmento-vermelho-20g-2","title":{"rendered":"Pigmento Azul 20g"},"content":{"rendered":"<p>Pigmento para Resina &#8211; Pote 20g<\/p>\n<p>Adicione cor e personalidade \u00e0s suas cria\u00e7\u00f5es com nosso pigmento de alta qualidade para resina poli\u00e9ster e ep\u00f3xi. Com apenas uma pequena quantidade, voc\u00ea alcan\u00e7a tonalidades intensas, vivas e uniformes. Ideal para trabalhos artesanais, bijuterias, river tables, arte em resina e muito mais.<\/p>\n<p>Peso: 20g<\/p>\n<p>Cor: Azul<\/p>\n<p>Rendimento: Alta concentra\u00e7\u00e3o, rende v\u00e1rias aplica\u00e7\u00f5es<\/p>\n<p>Aplica\u00e7\u00e3o: Mistura f\u00e1cil e homog\u00eanea na resina<\/p>\n<p>Transforme suas pe\u00e7as com cores duradouras e acabamento impec\u00e1vel!<\/p>\n","protected":false},"excerpt":{"rendered":"<p>Pigmento para Resina &#8211; Pote 20g Adicione cor e personalidade \u00e0s suas cria\u00e7\u00f5es com nosso pigmento de alta qualidade para resina poli\u00e9ster e ep\u00f3xi. Com apenas uma pequena quantidade, voc\u00ea alcan\u00e7a tonalidades intensas, vivas e uniformes. Ideal para trabalhos artesanais, bijuterias, river tables, arte em resina e muito mais. Peso: 20g Cor: Azul Rendimento: Alta [&hellip;]<\/p>\n","protected":false},"featured_media":238,"comment_status":"open","ping_status":"closed","template":"","meta":{"jetpack_publicize_message":"","jetpack_publicize_feature_enabled":true,"jetpack_social_post_already_shared":false,"jetpack_social_options":{"image_generator_settings":{"template":"highway","default_image_id":0,"font":"","enabled":false},"version":2}},"product_brand":[],"product_cat":[23],"product_tag":[],"class_list":{"0":"post-237","1":"product","2":"type-product","3":"status-publish","4":"has-post-thumbnail","6":"product_cat-fiberglass","7":"product_shipping_class-padrao","9":"first","10":"instock","11":"taxable","12":"shipping-taxable","13":"purchasable","14":"product-type-simple"},"jetpack_publicize_connections":[],"jetpack_sharing_enabled":true,"_links":{"self":[{"href":"https:\/\/siligelrio.com.br\/index.php?rest_route=\/wp\/v2\/product\/237","targetHints":{"allow":["GET"]}}],"collection":[{"href":"https:\/\/siligelrio.com.br\/index.php?rest_route=\/wp\/v2\/product"}],"about":[{"href":"https:\/\/siligelrio.com.br\/index.php?rest_route=\/wp\/v2\/types\/product"}],"replies":[{"embeddable":true,"href":"https:\/\/siligelrio.com.br\/index.php?rest_route=%2Fwp%2Fv2%2Fcomments&post=237"}],"wp:featuredmedia":[{"embeddable":true,"href":"https:\/\/siligelrio.com.br\/index.php?rest_route=\/wp\/v2\/media\/238"}],"wp:attachment":[{"href":"https:\/\/siligelrio.com.br\/index.php?rest_route=%2Fwp%2Fv2%2Fmedia&parent=237"}],"wp:term":[{"taxonomy":"product_brand","embeddable":true,"href":"https:\/\/siligelrio.com.br\/index.php?rest_route=%2Fwp%2Fv2%2Fproduct_brand&post=237"},{"taxonomy":"product_cat","embeddable":true,"href":"https:\/\/siligelrio.com.br\/index.php?rest_route=%2Fwp%2Fv2%2Fproduct_cat&post=237"},{"taxonomy":"product_tag","embeddable":true,"href":"https:\/\/siligelrio.com.br\/index.php?rest_route=%2Fwp%2Fv2%2Fproduct_tag&post=237"}],"curies":[{"name":"wp","href":"https:\/\/api.w.org\/{rel}","templated":true}]}}