{"id":26,"date":"2024-07-02T20:24:36","date_gmt":"2024-07-02T23:24:36","guid":{"rendered":"https:\/\/siligelrio.com.br\/?post_type=product&#038;p=26"},"modified":"2025-04-28T11:31:08","modified_gmt":"2025-04-28T14:31:08","slug":"neoblack-revitalizador-e-protetor-de-plastico-externo-ate-3-meses-de-protecao","status":"publish","type":"product","link":"https:\/\/siligelrio.com.br\/?product=neoblack-revitalizador-e-protetor-de-plastico-externo-ate-3-meses-de-protecao","title":{"rendered":"NEOBLACK \u2013 REVITALIZADOR E PROTETOR DE PL\u00c1STICO EXTERNO \u2013 AT\u00c9 3 MESES DE PROTE\u00c7\u00c3O"},"content":{"rendered":"<h4>O\u00a0Revitalizador de Pl\u00e1sticos externos Neo Black\u00a0\u00a0\u00e9 um produto que protege e restaura pl\u00e1sticos desgastados e degradados pela a\u00e7\u00e3o do tempo. Al\u00e9m da alta capacidade de renova\u00e7\u00e3o, Neo Black tamb\u00e9m auxilia na preven\u00e7\u00e3o do desgaste ocasionado por intemp\u00e9ries, tais como despigmenta\u00e7\u00e3o e contamina\u00e7\u00e3o. Neo Black \u00e9\u00a0completamente isento de solventes alif\u00e1ticos, ou seja, \u00e9 base de \u00e1gua. Seguro para uso no dia a dia. O uso constante de Neo Black em pl\u00e1sticos promove basicamente a impregna\u00e7\u00e3o de pol\u00edmeros h\u00edbridos de sil\u00edcio nos na superf\u00edcie pl\u00e1stica, junto\u00a0\u00e0 adi\u00e7\u00e3o de\u00a0agentes formadores de filme capazes de promover um aspecto de novo. O resultado \u00e9 um\u00a0\u00a0acabamento acetinado impec\u00e1vel com aspecto de novo, em secagem praticamente instant\u00e2nea.<\/h4>\n<h4>A durabilidade da prote\u00e7\u00e3o pode chegar a\u00a03\u00a0meses, sobretudo a partir da segunda aplica\u00e7\u00e3o. \u00c9 comum nas primeiras aplica\u00e7\u00f5es de\u00a0Neo Black encontrem\u00a0res\u00edduos de solventes ou silicones, o que dificulta a penetra\u00e7\u00e3o e ancoragem que promovem a durabilidade prolongada do produto. Seu aspecto cremoso facilita o manuseio do produto, evitando desperd\u00edcios e vazamentos. Neo Black n\u00e3o deixa a superf\u00edcie pegajosa, grudenta ou molhada, fatores que promoveriam grande impregna\u00e7\u00e3o de sujeira e poeira. Ele seca na hora promovendo um toque seco e aspecto de novo.<\/h4>\n<h2 class=\"p1\"><strong>Aplica\u00e7\u00e3o:<\/strong><\/h2>\n<ul>\n<li class=\"p1\">\n<h4>Pl\u00e1sticos externos<\/h4>\n<\/li>\n<li class=\"p1\">\n<h4>Borrachas<\/h4>\n<\/li>\n<li class=\"p1\">\n<h4>Lonas mar\u00edtmas<\/h4>\n<\/li>\n<\/ul>\n<h2 class=\"p1\"><strong>Principais caracter\u00edsticas do Revitalizador de Pl\u00e1sticos Neo Black:<\/strong><\/h2>\n<ul>\n<li class=\"p1\">\n<h4>Acabamento acetinado com apar\u00eancia de pl\u00e1stico novo;<\/h4>\n<\/li>\n<li class=\"p1\">\n<h4>Secagem imediata;<\/h4>\n<\/li>\n<li class=\"p1\">\n<h4>N\u00e3o fica grudento ou molhado, f\u00e1cil manipula\u00e7\u00e3o;<\/h4>\n<\/li>\n<li class=\"p1\">\n<h4>F\u00e1cil espalhamento;<\/h4>\n<\/li>\n<li class=\"p1\">\n<h4>Alt\u00edssimo rendimento, sem escorrimento;<\/h4>\n<\/li>\n<li class=\"p1\">\n<h4>Alta resist\u00eancia e repel\u00eancia a l\u00edquidos e sujeira;<\/h4>\n<\/li>\n<li class=\"p1\">\n<h4>N\u00e3o t\u00f3xico, a base de \u00e1gua;<\/h4>\n<\/li>\n<li class=\"p1\">\n<h4>Alta capacidade de renova\u00e7\u00e3o de pl\u00e1sticos rugosos.<\/h4>\n<\/li>\n<li class=\"p1\">\n<h4>Sem risco de ressecamento e embranquecimento de borrachas em virtude da rea\u00e7\u00e3o com solventes pesados.<\/h4>\n<\/li>\n<li class=\"p1\">\n<h4>Prote\u00e7\u00e3o t\u00e9rmica de at\u00e9 120\u00ba C.<\/h4>\n<\/li>\n<\/ul>\n<h2 class=\"p1\"><strong>Modo de usar:<\/strong><\/h2>\n<ol>\n<li>\n<h4>Limpe\u00a0os pl\u00e1sticos normalmente;<\/h4>\n<\/li>\n<li>\n<h4>Aplique preferencialmente em superf\u00edcie seca. Em casos de aplica\u00e7\u00e3o em superf\u00edcie molhada, use mais produto do que o habitual para garantir durabilidade;<\/h4>\n<\/li>\n<li>\n<h4>Coloque algumas gotas de\u00a0Neo Black em um aplicador de espuma;<\/h4>\n<\/li>\n<li>\n<h4>Espalhe de forma orientada Neo Black ao longo da superf\u00edcie;<\/h4>\n<\/li>\n<li>\n<h4>Para acabamento mais discreto, passe um pano seco para remo\u00e7\u00e3o de excessos;<\/h4>\n<\/li>\n<li>\n<h4>Para um acabamento mais destacado, aplique Neo Black com um espalhamento bem uniforme e n\u00e3o remova o excesso.<\/h4>\n<\/li>\n<\/ol>\n","protected":false},"excerpt":{"rendered":"<h3>O\u00a0Revitalizador de Pl\u00e1sticos externos Neo Black\u00a0\u00a0\u00e9 um produto que protege e restaura pl\u00e1sticos desgastados e degradados pela a\u00e7\u00e3o do tempo.<\/h3>\n","protected":false},"featured_media":27,"comment_status":"open","ping_status":"closed","template":"","meta":{"jetpack_publicize_message":"","jetpack_publicize_feature_enabled":true,"jetpack_social_post_already_shared":false,"jetpack_social_options":{"image_generator_settings":{"template":"highway","default_image_id":0,"font":"","enabled":false},"version":2}},"product_brand":[],"product_cat":[18],"product_tag":[],"class_list":{"0":"post-26","1":"product","2":"type-product","3":"status-publish","4":"has-post-thumbnail","6":"product_cat-plasticos","7":"product_shipping_class-padrao","9":"first","10":"instock","11":"taxable","12":"shipping-taxable","13":"purchasable","14":"product-type-simple"},"jetpack_publicize_connections":[],"jetpack_sharing_enabled":true,"_links":{"self":[{"href":"https:\/\/siligelrio.com.br\/index.php?rest_route=\/wp\/v2\/product\/26","targetHints":{"allow":["GET"]}}],"collection":[{"href":"https:\/\/siligelrio.com.br\/index.php?rest_route=\/wp\/v2\/product"}],"about":[{"href":"https:\/\/siligelrio.com.br\/index.php?rest_route=\/wp\/v2\/types\/product"}],"replies":[{"embeddable":true,"href":"https:\/\/siligelrio.com.br\/index.php?rest_route=%2Fwp%2Fv2%2Fcomments&post=26"}],"wp:featuredmedia":[{"embeddable":true,"href":"https:\/\/siligelrio.com.br\/index.php?rest_route=\/wp\/v2\/media\/27"}],"wp:attachment":[{"href":"https:\/\/siligelrio.com.br\/index.php?rest_route=%2Fwp%2Fv2%2Fmedia&parent=26"}],"wp:term":[{"taxonomy":"product_brand","embeddable":true,"href":"https:\/\/siligelrio.com.br\/index.php?rest_route=%2Fwp%2Fv2%2Fproduct_brand&post=26"},{"taxonomy":"product_cat","embeddable":true,"href":"https:\/\/siligelrio.com.br\/index.php?rest_route=%2Fwp%2Fv2%2Fproduct_cat&post=26"},{"taxonomy":"product_tag","embeddable":true,"href":"https:\/\/siligelrio.com.br\/index.php?rest_route=%2Fwp%2Fv2%2Fproduct_tag&post=26"}],"curies":[{"name":"wp","href":"https:\/\/api.w.org\/{rel}","templated":true}]}}