{"id":31,"date":"2024-07-02T20:38:10","date_gmt":"2024-07-02T23:38:10","guid":{"rendered":"https:\/\/siligelrio.com.br\/?post_type=product&#038;p=31"},"modified":"2025-04-28T11:30:49","modified_gmt":"2025-04-28T14:30:49","slug":"rubead-protetor-concentrado-para-caixa-de-roda-motor-plastico-e-borracha-ate-110","status":"publish","type":"product","link":"https:\/\/siligelrio.com.br\/?product=rubead-protetor-concentrado-para-caixa-de-roda-motor-plastico-e-borracha-ate-110","title":{"rendered":"RUBEAD \u2013 PROTETOR CONCENTRADO PARA CAIXA DE RODA, MOTOR, PL\u00c1STICO E BORRACHA \u2013 AT\u00c9 1:10"},"content":{"rendered":"<h4>Rubead \u00e9 uma solu\u00e7\u00e3o econ\u00f4mica e vers\u00e1til para prote\u00e7\u00e3o de pl\u00e1stico, borracha e lonas.\u00a0\u00c9 super concentrado, podendo ser dilu\u00eddo em \u00e1gua em at\u00e9 10 partes, trazendo muita economia de aplica\u00e7\u00e3o. Sua versatilidade tamb\u00e9m impressiona: Rubead pode revitalizar e proteger pneus, pl\u00e1sticos ressecados, lonas mar\u00edtimas, caixa de roda, pl\u00e1sticos interiores, tapetes veiculares. Tudo isso apenas variando sua dilui\u00e7\u00e3o!<\/h4>\n<h4>Borrachas e pl\u00e1sticos, normalmente por sua natureza predominantemente rugosa, acumulam sujeira sobretudo argilosa. E boa parte dos produtos destinados a revitaliza\u00e7\u00e3o destas superf\u00edcies n\u00e3o s\u00e3o resistentes a \u00e1gua ou intemp\u00e9ries. Rubead \u00e9 extremamente resistente a \u00e1gua, capaz proteger superf\u00edcies por 1 a 2 meses. Isso significa, na pr\u00e1tica, que boa parte da sujeira em contato com essas superf\u00edcies sair\u00e1 facilmente deixando a superf\u00edcie com aspecto de limpo por mais tempo.<\/h4>\n<h4>Rubead\u00a0deixa um acabamento acetinado elegante, tal qual um carro novo, acentuando a tonalidade de cor.\u00a0Garante uma prote\u00e7\u00e3o de at\u00e9\u00a01 m\u00eas\u00a0em superf\u00edcies externas e internas, al\u00e9m de prote\u00e7\u00e3o UV, evitando desgaste natural quanto a exposi\u00e7\u00e3o ao sol.\u00a0Extremamente vers\u00e1til e duradouro.<\/h4>\n<h4>Rubead n\u00e3o cont\u00e9m solventes, \u00e9 totalmente a base de \u00e1gua. Seguro de aplicar, contendo pol\u00edmeros de Sil\u00edcio altamente resistentes.<\/h4>\n<h2><strong>Principais caracter\u00edsticas:<\/strong><\/h2>\n<ul>\n<li>\n<h4>N\u00e3o inflam\u00e1vel \u2013 aplica\u00e7\u00e3o segura;<\/h4>\n<\/li>\n<li>\n<h4>Prote\u00e7\u00e3o duradoura e resistente a \u00e1gua;<\/h4>\n<\/li>\n<li>\n<h4>Super concentrado, pode ser dilu\u00eddo em \u00e1gua;<\/h4>\n<\/li>\n<li>\n<h4>Acabamento\u00a0acetinado acentuando a tonalidade de cor;<\/h4>\n<\/li>\n<li>\n<h4>Pode ser aplicado em pl\u00e1sticos e borrachas;<\/h4>\n<\/li>\n<li>\n<h4>Perfeito para caixa de rodas, tapetes de borracha, lonas, pneu, pl\u00e1sticos;<\/h4>\n<\/li>\n<li>\n<h4>N\u00e3o cont\u00e9m solventes, Rubead \u00e9 a base de \u00e1gua;<\/h4>\n<\/li>\n<li>\n<h4>N\u00e3o deixa a superf\u00edcie grudenta e pegajosa;<\/h4>\n<\/li>\n<li>\n<h4>Protege\u00a0a superf\u00edcie contra incid\u00eancia de raios UVA nocivos em 60%.<\/h4>\n<\/li>\n<\/ul>\n<h2><strong>Aplica\u00e7\u00e3o:<\/strong><\/h2>\n<h4>Rubead \u00e9 extremamente concentrado. Portanto sua utiliza\u00e7\u00e3o vai variar de acordo com a dilui\u00e7\u00e3o e n\u00edvel de resultado desejado:<\/h4>\n<ul>\n<li>\n<h4><strong>1:1<\/strong>\u00a0\u2013 Alta prote\u00e7\u00e3o e acabamento. Recomendado aplica\u00e7\u00e3o com aplicadores de espuma ou microfibra. M\u00e1ximo grau de resist\u00eancia. Ideal para aplica\u00e7\u00e3o em pneu e pl\u00e1sticos externos.<\/h4>\n<\/li>\n<li>\n<h4><strong>1:3<\/strong>\u00a0\u2013 Alta capacidade de revitaliza\u00e7\u00e3o e excelente n\u00edvel de repel\u00eancia a sujeiras. Altamente resistente. Ideal para caixa de rodas, prote\u00e7\u00e3o de motor (substituindo o verniz de motor) e lonas mar\u00edtimas. Ideal aplica\u00e7\u00e3o via Spray ou pistola de compress\u00e3o com aux\u00edlio de um pano de microfibras para uniformiza\u00e7\u00e3o.<\/h4>\n<\/li>\n<li>\n<h4><strong>1:5<\/strong>\u00a0\u2013 Resultado acetinado elegante, discreto. Mant\u00e9m uma boa capacidade de prote\u00e7\u00e3o e revitaliza\u00e7\u00e3o, ideal para utiliza\u00e7\u00e3o em tapetes de borracha. Aplica\u00e7\u00e3o recomendada em Spray ou pistola de compress\u00e3o com\u00a0aux\u00edlio de um pano de microfibras para uniformiza\u00e7\u00e3o.<\/h4>\n<\/li>\n<li>\n<h4><strong>1:10<\/strong>\u00a0\u2013 Dilui\u00e7\u00e3o perfeita para prote\u00e7\u00e3o de painel e pl\u00e1sticos interiores, com menor incid\u00eancia de intemp\u00e9ries. Confere um acabamento elegante acentuando a colora\u00e7\u00e3o, um bom n\u00edvel de prote\u00e7\u00e3o de aproximadamente 30 dias. Recomendada aplica\u00e7\u00e3o em Spray com aux\u00edlio de um pano de microfibras para uniformiza\u00e7\u00e3o.<\/h4>\n<\/li>\n<\/ul>\n","protected":false},"excerpt":{"rendered":"<p>Rubead \u00e9 uma solu\u00e7\u00e3o econ\u00f4mica e vers\u00e1til para prote\u00e7\u00e3o de pl\u00e1stico, borracha e lonas.\u00a0\u00c9 super concentrado, podendo ser dilu\u00eddo em \u00e1gua em at\u00e9 10 partes, trazendo muita economia de aplica\u00e7\u00e3o. Sua versatilidade tamb\u00e9m impressiona: Rubead pode revitalizar e proteger pneus, pl\u00e1sticos ressecados, lonas mar\u00edtimas, caixa de roda, pl\u00e1sticos interiores, tapetes veiculares. Tudo isso apenas variando [&hellip;]<\/p>\n","protected":false},"featured_media":32,"comment_status":"open","ping_status":"closed","template":"","meta":[],"product_brand":[],"product_cat":[18],"product_tag":[],"class_list":{"0":"post-31","1":"product","2":"type-product","3":"status-publish","4":"has-post-thumbnail","6":"product_cat-plasticos","7":"product_shipping_class-padrao","9":"first","10":"instock","11":"taxable","12":"shipping-taxable","13":"purchasable","14":"product-type-simple"},"_links":{"self":[{"href":"https:\/\/siligelrio.com.br\/index.php?rest_route=\/wp\/v2\/product\/31","targetHints":{"allow":["GET"]}}],"collection":[{"href":"https:\/\/siligelrio.com.br\/index.php?rest_route=\/wp\/v2\/product"}],"about":[{"href":"https:\/\/siligelrio.com.br\/index.php?rest_route=\/wp\/v2\/types\/product"}],"replies":[{"embeddable":true,"href":"https:\/\/siligelrio.com.br\/index.php?rest_route=%2Fwp%2Fv2%2Fcomments&post=31"}],"wp:featuredmedia":[{"embeddable":true,"href":"https:\/\/siligelrio.com.br\/index.php?rest_route=\/wp\/v2\/media\/32"}],"wp:attachment":[{"href":"https:\/\/siligelrio.com.br\/index.php?rest_route=%2Fwp%2Fv2%2Fmedia&parent=31"}],"wp:term":[{"taxonomy":"product_brand","embeddable":true,"href":"https:\/\/siligelrio.com.br\/index.php?rest_route=%2Fwp%2Fv2%2Fproduct_brand&post=31"},{"taxonomy":"product_cat","embeddable":true,"href":"https:\/\/siligelrio.com.br\/index.php?rest_route=%2Fwp%2Fv2%2Fproduct_cat&post=31"},{"taxonomy":"product_tag","embeddable":true,"href":"https:\/\/siligelrio.com.br\/index.php?rest_route=%2Fwp%2Fv2%2Fproduct_tag&post=31"}],"curies":[{"name":"wp","href":"https:\/\/api.w.org\/{rel}","templated":true}]}}