{"id":33,"date":"2024-07-02T20:40:48","date_gmt":"2024-07-02T23:40:48","guid":{"rendered":"https:\/\/siligelrio.com.br\/?post_type=product&#038;p=33"},"modified":"2025-04-28T11:30:41","modified_gmt":"2025-04-28T14:30:41","slug":"limpa-couro-limpeza-de-couro-sintetico-e-natural","status":"publish","type":"product","link":"https:\/\/siligelrio.com.br\/?product=limpa-couro-limpeza-de-couro-sintetico-e-natural","title":{"rendered":"LIMPA COURO \u2013 LIMPEZA DE COURO SINT\u00c9TICO E NATURAL"},"content":{"rendered":"<h4>Limpa Couro Easytech \u00e9 um produto desenvolvido para limpeza de alta intensidade em couro sint\u00e9tico e natural. A superf\u00edcie do couro tem uma caracter\u00edstica \u00fanica, altamente rugosa e pigmentada, demandando a limpeza na medida certa sem prejudicar o aspecto do couro. Em virtude disso, Limpa Couro Easytech possui uma mistura de 5 tensoativos especiais para limpar v\u00e1rios tipos de sujeira em uma aplica\u00e7\u00e3o \u00fanica, variando de pigmentos a \u00f3leos e gorduras. Limpa Couro tamb\u00e9m possui o cheiro caracter\u00edstico e apaixonante de couro, exclusividade da Easytech.<\/h4>\n<h2 class=\"p1\"><strong>Aplica\u00e7\u00e3o:<\/strong><\/h2>\n<ul>\n<li class=\"p1\">\n<h4>Couro natural;<\/h4>\n<\/li>\n<li class=\"p1\">\n<h4>Couro sint\u00e9tico<\/h4>\n<\/li>\n<li class=\"p1\">\n<h4>Pl\u00e1sticos.<\/h4>\n<\/li>\n<\/ul>\n<h4>As formas de aplica\u00e7\u00e3o nas diferentes superf\u00edcies deve obedecer a mesma t\u00e9cnica de uso do produto, recomendada pela Easytech.<\/h4>\n<h2 class=\"p1\"><strong>Principais caracter\u00edsticas do Limpa Couro:<\/strong><\/h2>\n<ul>\n<li class=\"p1\">\n<h4>Seguro para\u00a0uso em couro natural ou sint\u00e9tico;<\/h4>\n<\/li>\n<li class=\"p1\">\n<h4>N\u00e3o remove tinta do couro;<\/h4>\n<\/li>\n<li class=\"p1\">\n<h4>N\u00e3o \u00e9 corrosivo;<\/h4>\n<\/li>\n<li class=\"p1\">\n<h4>Alta capacidade de limpeza pesada;<\/h4>\n<\/li>\n<li class=\"p1\">\n<h4>Exclusivo cheiro de couro;<\/h4>\n<\/li>\n<li class=\"p1\">\n<h4>Espuma\u00e7\u00e3o controlada;<\/h4>\n<\/li>\n<li class=\"p1\">\n<h4>Alto rendimento;<\/h4>\n<\/li>\n<li class=\"p1\">\n<h4>F\u00e1cil utiliza\u00e7\u00e3o.<\/h4>\n<\/li>\n<\/ul>\n<h2 class=\"p1\"><strong>Modo de usar:<\/strong><\/h2>\n<ol>\n<li>\n<h4>Borrife Limpa Couro na pe\u00e7a;<\/h4>\n<\/li>\n<li>\n<h4>Com ajuda de um pano de microfibras seco, espalhe gentilmente sob o couro em movimentos orientados;<\/h4>\n<\/li>\n<li>\n<h4>Se achar melhor, pode usar uma escova macia para realizar esfrega\u00e7\u00e3o<\/h4>\n<\/li>\n<li>\n<h4>Repita o processo caso ache necess\u00e1rio;<\/h4>\n<\/li>\n<li>\n<h4>Use um pano seco para remo\u00e7\u00e3o do excesso.<\/h4>\n<\/li>\n<\/ol>\n","protected":false},"excerpt":{"rendered":"<h2>Limpa Couro Easytech \u00e9 um produto desenvolvido para limpeza de alta intensidade em couro sint\u00e9tico e natural.<\/h2>\n","protected":false},"featured_media":34,"comment_status":"open","ping_status":"closed","template":"","meta":{"jetpack_publicize_message":"","jetpack_publicize_feature_enabled":true,"jetpack_social_post_already_shared":false,"jetpack_social_options":{"image_generator_settings":{"template":"highway","default_image_id":0,"font":"","enabled":false},"version":2}},"product_brand":[],"product_cat":[19],"product_tag":[],"class_list":{"0":"post-33","1":"product","2":"type-product","3":"status-publish","4":"has-post-thumbnail","6":"product_cat-couro","7":"product_shipping_class-padrao","9":"first","10":"instock","11":"taxable","12":"shipping-taxable","13":"purchasable","14":"product-type-simple"},"jetpack_publicize_connections":[],"jetpack_sharing_enabled":true,"_links":{"self":[{"href":"https:\/\/siligelrio.com.br\/index.php?rest_route=\/wp\/v2\/product\/33","targetHints":{"allow":["GET"]}}],"collection":[{"href":"https:\/\/siligelrio.com.br\/index.php?rest_route=\/wp\/v2\/product"}],"about":[{"href":"https:\/\/siligelrio.com.br\/index.php?rest_route=\/wp\/v2\/types\/product"}],"replies":[{"embeddable":true,"href":"https:\/\/siligelrio.com.br\/index.php?rest_route=%2Fwp%2Fv2%2Fcomments&post=33"}],"wp:featuredmedia":[{"embeddable":true,"href":"https:\/\/siligelrio.com.br\/index.php?rest_route=\/wp\/v2\/media\/34"}],"wp:attachment":[{"href":"https:\/\/siligelrio.com.br\/index.php?rest_route=%2Fwp%2Fv2%2Fmedia&parent=33"}],"wp:term":[{"taxonomy":"product_brand","embeddable":true,"href":"https:\/\/siligelrio.com.br\/index.php?rest_route=%2Fwp%2Fv2%2Fproduct_brand&post=33"},{"taxonomy":"product_cat","embeddable":true,"href":"https:\/\/siligelrio.com.br\/index.php?rest_route=%2Fwp%2Fv2%2Fproduct_cat&post=33"},{"taxonomy":"product_tag","embeddable":true,"href":"https:\/\/siligelrio.com.br\/index.php?rest_route=%2Fwp%2Fv2%2Fproduct_tag&post=33"}],"curies":[{"name":"wp","href":"https:\/\/api.w.org\/{rel}","templated":true}]}}