{"id":35,"date":"2024-07-02T20:42:44","date_gmt":"2024-07-02T23:42:44","guid":{"rendered":"https:\/\/siligelrio.com.br\/?post_type=product&#038;p=35"},"modified":"2025-04-28T11:30:33","modified_gmt":"2025-04-28T14:30:33","slug":"limpa-e-hidrata-couro-2x1-quick-detail","status":"publish","type":"product","link":"https:\/\/siligelrio.com.br\/?product=limpa-e-hidrata-couro-2x1-quick-detail","title":{"rendered":"LIMPA E HIDRATA COURO 2X1 QUICK DETAIL"},"content":{"rendered":"<h4>O cuidado com couro envolve limpeza e manuten\u00e7\u00e3o da hidrata\u00e7\u00e3o deste material, preservando a elasticidade. Couro QD limpa e hidrata couro em uma \u00fanica etapa. Desenvolvido para ser um produto de uso r\u00e1pido, para o profissional mais exigente ao hobista em sua casa. Couro QD vai promover uma limpeza segura, sem riscos de remo\u00e7\u00e3o de pigmentos do couro por uso de produtos agressivos. Ao mesmo tempo, garante a hidrata\u00e7\u00e3o do couro atrav\u00e9s de \u00f3leos hidratantes nobres, com baixa forma\u00e7\u00e3o de hidr\u00f3topos.<\/h4>\n<h4>Em um \u00fanico processo voc\u00ea consegue limpar e hidratar o couro de forma r\u00e1pida e eficiente.<\/h4>\n<h2 class=\"p1\"><strong>Aplica\u00e7\u00e3o:<\/strong><\/h2>\n<ul>\n<li class=\"p1\">\n<h4>Couro natural;<\/h4>\n<\/li>\n<li class=\"p1\">\n<h4>Couro sint\u00e9tico<\/h4>\n<\/li>\n<li class=\"p1\">\n<h4>Pl\u00e1sticos.<\/h4>\n<\/li>\n<\/ul>\n<h4>As formas de aplica\u00e7\u00e3o nas diferentes superf\u00edcies deve obedecer a mesma t\u00e9cnica de uso do produto, recomendada pela Easytech.<\/h4>\n<h2 class=\"p1\"><strong>Principais caracter\u00edsticas limpa e hidrata couro:<\/strong><\/h2>\n<ul>\n<li class=\"p1\">\n<h4>Seguro para\u00a0uso em couro natural ou sint\u00e9tico;<\/h4>\n<\/li>\n<li class=\"p1\">\n<h4>N\u00e3o remove tinta do couro;<\/h4>\n<\/li>\n<li class=\"p1\">\n<h4>N\u00e3o \u00e9 corrosivo;<\/h4>\n<\/li>\n<li class=\"p1\">\n<h4>Alta capacidade de hidrata\u00e7\u00e3o;<\/h4>\n<\/li>\n<li class=\"p1\">\n<h4>Absor\u00e7\u00e3o r\u00e1pida dos ativos hidratantes pelo couro;<\/h4>\n<\/li>\n<li class=\"p1\">\n<h4>Alta capacidade de limpeza;<\/h4>\n<\/li>\n<li class=\"p1\">\n<h4>Alto rendimento;<\/h4>\n<\/li>\n<li class=\"p1\">\n<h4>F\u00e1cil utiliza\u00e7\u00e3o.<\/h4>\n<\/li>\n<\/ul>\n<h2 class=\"p1\"><strong>Modo de usar:<\/strong><\/h2>\n<ol>\n<li>\n<h4>Borrife\u00a0Couro QD na pe\u00e7a;<\/h4>\n<\/li>\n<li>\n<h4>Com ajuda de um pano de microfibras seco, espalhe gentilmente sob o couro em movimentos orientados;<\/h4>\n<\/li>\n<li>\n<h4>Se achar melhor, pode usar uma escova macia para realizar esfrega\u00e7\u00e3o<\/h4>\n<\/li>\n<li>\n<h4>Repita o processo caso ache necess\u00e1rio;<\/h4>\n<\/li>\n<li>\n<h4>Use um pano seco para remo\u00e7\u00e3o do excesso.<\/h4>\n<\/li>\n<\/ol>\n","protected":false},"excerpt":{"rendered":"<h2>O cuidado com couro envolve limpeza e manuten\u00e7\u00e3o da hidrata\u00e7\u00e3o deste material, preservando a elasticidade. Couro QD limpa e hidrata couro em uma \u00fanica etapa<\/h2>\n","protected":false},"featured_media":36,"comment_status":"open","ping_status":"closed","template":"","meta":{"jetpack_publicize_message":"","jetpack_publicize_feature_enabled":true,"jetpack_social_post_already_shared":false,"jetpack_social_options":{"image_generator_settings":{"template":"highway","default_image_id":0,"font":"","enabled":false},"version":2}},"product_brand":[],"product_cat":[19],"product_tag":[],"class_list":{"0":"post-35","1":"product","2":"type-product","3":"status-publish","4":"has-post-thumbnail","6":"product_cat-couro","7":"product_shipping_class-padrao","9":"first","10":"instock","11":"taxable","12":"shipping-taxable","13":"purchasable","14":"product-type-simple"},"jetpack_publicize_connections":[],"jetpack_sharing_enabled":true,"_links":{"self":[{"href":"https:\/\/siligelrio.com.br\/index.php?rest_route=\/wp\/v2\/product\/35","targetHints":{"allow":["GET"]}}],"collection":[{"href":"https:\/\/siligelrio.com.br\/index.php?rest_route=\/wp\/v2\/product"}],"about":[{"href":"https:\/\/siligelrio.com.br\/index.php?rest_route=\/wp\/v2\/types\/product"}],"replies":[{"embeddable":true,"href":"https:\/\/siligelrio.com.br\/index.php?rest_route=%2Fwp%2Fv2%2Fcomments&post=35"}],"wp:featuredmedia":[{"embeddable":true,"href":"https:\/\/siligelrio.com.br\/index.php?rest_route=\/wp\/v2\/media\/36"}],"wp:attachment":[{"href":"https:\/\/siligelrio.com.br\/index.php?rest_route=%2Fwp%2Fv2%2Fmedia&parent=35"}],"wp:term":[{"taxonomy":"product_brand","embeddable":true,"href":"https:\/\/siligelrio.com.br\/index.php?rest_route=%2Fwp%2Fv2%2Fproduct_brand&post=35"},{"taxonomy":"product_cat","embeddable":true,"href":"https:\/\/siligelrio.com.br\/index.php?rest_route=%2Fwp%2Fv2%2Fproduct_cat&post=35"},{"taxonomy":"product_tag","embeddable":true,"href":"https:\/\/siligelrio.com.br\/index.php?rest_route=%2Fwp%2Fv2%2Fproduct_tag&post=35"}],"curies":[{"name":"wp","href":"https:\/\/api.w.org\/{rel}","templated":true}]}}