{"id":65,"date":"2024-07-09T19:57:22","date_gmt":"2024-07-09T22:57:22","guid":{"rendered":"https:\/\/siligelrio.com.br\/?post_type=product&#038;p=65"},"modified":"2025-04-28T11:29:18","modified_gmt":"2025-04-28T14:29:18","slug":"resina-epoxi-siligel","status":"publish","type":"product","link":"https:\/\/siligelrio.com.br\/?product=resina-epoxi-siligel","title":{"rendered":"Resina Ep\u00f3xi Siligel Kit 750g"},"content":{"rendered":"<h2>A resina ep\u00f3xi de baixa viscosidade \u00e9 uma formula\u00e7\u00e3o especializada que se caracteriza por sua fluidez e capacidade de se espalhar facilmente sobre superf\u00edcies. Isso a torna ideal para aplica\u00e7\u00f5es que requerem um acabamento liso e uniforme, al\u00e9m de permitir a impregna\u00e7\u00e3o eficiente em materiais porosos como madeira.<\/h2>\n<h2>Ela oferece vantagens significativas, como alta capacidade de preenchimento e detalhismo dimensional excepcional. Essas propriedades a tornam uma escolha popular em diversos setores, desde a ind\u00fastria de revestimentos at\u00e9 a cria\u00e7\u00e3o de pe\u00e7as art\u00edsticas e m\u00f3veis personalizados.<\/h2>\n<p>&nbsp;<\/p>\n<h2><strong>MODO DE USO:<\/strong><\/h2>\n<h2>Misturar bem a Resina com o Endurecedor na propor\u00e7\u00e3o de <strong>2:1 em PESO<\/strong> ,ou seja, <strong>a cada 100g de Resina utilizar 50g de Endurecedor.<\/strong><\/h2>\n<p>&nbsp;<\/p>\n<h2><strong>EXEMPLOS DE APLICA\u00c7\u00c3O:<\/strong><\/h2>\n<p>-Moldes de Silicone;<br \/>\n-Biojoias e Bijuterias;<br \/>\n-Arte e Artesanato;<br \/>\n-Mesas de madeira;<br \/>\n-Mesas para decora\u00e7\u00e3o (Balc\u00e3o Resinado);<br \/>\n-Orgonites;<br \/>\n-Constru\u00e7\u00e3o Civil como pintura protetora;<\/p>\n<p>&nbsp;<\/p>\n<h2><b>CARACTER\u00cdSTICAS:<\/b><\/h2>\n<p>&#8211; Imperme\u00e1vel;<br \/>\n&#8211; F\u00e1cil aplica\u00e7\u00e3o;<br \/>\n&#8211; Efeito decorativo com aspecto brilhante;<br \/>\n&#8211; Alta resist\u00eancia qu\u00edmica e mec\u00e2nica;<br \/>\n&#8211; Monol\u00edtico \/ Sem emendas;<br \/>\n&#8211; At\u00f3xico, livre de solventes e sem cheiro;<\/p>\n","protected":false},"excerpt":{"rendered":"<h1 class=\"product-name\">Resina Ep\u00f3xi para Artesanato em Moldes de Silicone e Madeira.<\/h1>\n","protected":false},"featured_media":66,"comment_status":"open","ping_status":"closed","template":"","meta":{"jetpack_publicize_message":"","jetpack_publicize_feature_enabled":true,"jetpack_social_post_already_shared":false,"jetpack_social_options":{"image_generator_settings":{"template":"highway","default_image_id":0,"font":"","enabled":false},"version":2}},"product_brand":[],"product_cat":[22],"product_tag":[],"class_list":{"0":"post-65","1":"product","2":"type-product","3":"status-publish","4":"has-post-thumbnail","6":"product_cat-resina","7":"product_shipping_class-padrao","9":"first","10":"instock","11":"taxable","12":"shipping-taxable","13":"purchasable","14":"product-type-simple"},"jetpack_publicize_connections":[],"jetpack_sharing_enabled":true,"_links":{"self":[{"href":"https:\/\/siligelrio.com.br\/index.php?rest_route=\/wp\/v2\/product\/65","targetHints":{"allow":["GET"]}}],"collection":[{"href":"https:\/\/siligelrio.com.br\/index.php?rest_route=\/wp\/v2\/product"}],"about":[{"href":"https:\/\/siligelrio.com.br\/index.php?rest_route=\/wp\/v2\/types\/product"}],"replies":[{"embeddable":true,"href":"https:\/\/siligelrio.com.br\/index.php?rest_route=%2Fwp%2Fv2%2Fcomments&post=65"}],"wp:featuredmedia":[{"embeddable":true,"href":"https:\/\/siligelrio.com.br\/index.php?rest_route=\/wp\/v2\/media\/66"}],"wp:attachment":[{"href":"https:\/\/siligelrio.com.br\/index.php?rest_route=%2Fwp%2Fv2%2Fmedia&parent=65"}],"wp:term":[{"taxonomy":"product_brand","embeddable":true,"href":"https:\/\/siligelrio.com.br\/index.php?rest_route=%2Fwp%2Fv2%2Fproduct_brand&post=65"},{"taxonomy":"product_cat","embeddable":true,"href":"https:\/\/siligelrio.com.br\/index.php?rest_route=%2Fwp%2Fv2%2Fproduct_cat&post=65"},{"taxonomy":"product_tag","embeddable":true,"href":"https:\/\/siligelrio.com.br\/index.php?rest_route=%2Fwp%2Fv2%2Fproduct_tag&post=65"}],"curies":[{"name":"wp","href":"https:\/\/api.w.org\/{rel}","templated":true}]}}